{"id":4603,"date":"2025-09-10T14:35:11","date_gmt":"2025-09-10T12:35:11","guid":{"rendered":"https:\/\/www.llzservis.sk\/about-us\/"},"modified":"2026-04-22T15:09:26","modified_gmt":"2026-04-22T13:09:26","slug":"about-us","status":"publish","type":"page","link":"https:\/\/www.llzservis.sk\/en\/about-us\/","title":{"rendered":"About Us"},"content":{"rendered":"\t\t<div data-elementor-type=\"wp-page\" data-elementor-id=\"4603\" class=\"elementor elementor-4603 elementor-1045\" data-elementor-post-type=\"page\">\n\t\t\t\t<div class=\"elementor-element elementor-element-db37672 e-flex e-con-boxed e-con e-parent\" data-id=\"db37672\" data-element_type=\"container\" data-e-type=\"container\" data-settings=\"{&quot;background_background&quot;:&quot;classic&quot;}\">\n\t\t\t\t\t<div class=\"e-con-inner\">\n\t\t<div class=\"elementor-element elementor-element-33a0e1f e-con-full e-flex e-con e-child\" data-id=\"33a0e1f\" data-element_type=\"container\" data-e-type=\"container\">\n\t\t<div class=\"elementor-element elementor-element-d2ba262 e-con-full e-flex e-con e-child\" data-id=\"d2ba262\" data-element_type=\"container\" data-e-type=\"container\">\n\t\t\t\t<div class=\"elementor-element elementor-element-606b77e elementor-widget elementor-widget-heading\" data-id=\"606b77e\" data-element_type=\"widget\" data-e-type=\"widget\" data-widget_type=\"heading.default\">\n\t\t\t\t\t<h2 class=\"elementor-heading-title elementor-size-default\">Experience You Can Build On<\/h2>\t\t\t\t<\/div>\n\t\t\t\t<\/div>\n\t\t<div class=\"elementor-element elementor-element-aadb365 e-con-full e-flex e-con e-child\" data-id=\"aadb365\" data-element_type=\"container\" data-e-type=\"container\">\n\t\t\t\t<div class=\"elementor-element elementor-element-efeda39 elementor-widget__width-initial elementor-widget elementor-widget-text-editor\" data-id=\"efeda39\" data-element_type=\"widget\" data-e-type=\"widget\" data-widget_type=\"text-editor.default\">\n\t\t\t\t\t\t\t\t\t<p>For over 18 years, we have been supplying the Slovak market with high-quality stainless steel, aluminum, steel, galvanized, and Corten materials. With fast delivery, expert consultation, and a personalized approach, we assist both companies and individuals in realizing their projects accurately and without concerns. <\/p>\t\t\t\t\t\t\t\t<\/div>\n\t\t<div class=\"elementor-element elementor-element-b81e4e7 e-con-full e-flex e-con e-child\" data-id=\"b81e4e7\" data-element_type=\"container\" data-e-type=\"container\">\n\t\t\t\t<div class=\"elementor-element elementor-element-152761a ct-button-icon elementor-widget elementor-widget-button\" data-id=\"152761a\" data-element_type=\"widget\" data-e-type=\"widget\" data-widget_type=\"button.default\">\n\t\t\t\t\t\t\t\t\t\t<a class=\"elementor-button elementor-button-link elementor-size-sm\" href=\"https:\/\/www.llzservis.sk\/en\/materials\/\">\n\t\t\t\t\t\t<span class=\"elementor-button-content-wrapper\">\n\t\t\t\t\t\t<span class=\"elementor-button-icon\">\n\t\t\t\t<svg xmlns=\"http:\/\/www.w3.org\/2000\/svg\" id=\"Layer_1\" viewBox=\"0 0 40 40\"><path d=\"M20,0C9,0,0,9,0,20s9,20,20,20,20-9,20-20S31,0,20,0ZM28.6,20h0c0,.1,0,.2,0,.3,0,0,0,0,0,0h0c0,0,0,.1-.1.2h0s-6.9,7-6.9,7c-.2.3-.7.3-.9,0,0,0,0,0,0,0-.3-.3-.3-.7,0-.9,0,0,0,0,0,0l5.8-5.9h-14.5c-.4,0-.6-.3-.6-.7,0-.4.3-.6.6-.6h14.5l-5.8-5.9c-.2-.3-.2-.7,0-.9.3-.2.7-.2.9,0l6.9,7h0c0,0,0,.1.1.2h0s0,0,0,0h0c0,0,0,.2,0,.2h0s0,0,0,0Z\"><\/path><\/svg>\t\t\t<\/span>\n\t\t\t\t\t\t\t\t\t<span class=\"elementor-button-text\">Materials Offered<\/span>\n\t\t\t\t\t<\/span>\n\t\t\t\t\t<\/a>\n\t\t\t\t\t\t\t\t<\/div>\n\t\t\t\t<div class=\"elementor-element elementor-element-65f47e3 ct-button-icon elementor-widget elementor-widget-button\" data-id=\"65f47e3\" data-element_type=\"widget\" data-e-type=\"widget\" data-widget_type=\"button.default\">\n\t\t\t\t\t\t\t\t\t\t<a class=\"elementor-button elementor-button-link elementor-size-sm\" href=\"https:\/\/www.llzservis.sk\/en\/services\/\">\n\t\t\t\t\t\t<span class=\"elementor-button-content-wrapper\">\n\t\t\t\t\t\t<span class=\"elementor-button-icon\">\n\t\t\t\t<svg xmlns=\"http:\/\/www.w3.org\/2000\/svg\" id=\"Layer_1\" viewBox=\"0 0 40 40\"><path d=\"M20,0C9,0,0,9,0,20s9,20,20,20,20-9,20-20S31,0,20,0ZM28.6,20h0c0,.1,0,.2,0,.3,0,0,0,0,0,0h0c0,0,0,.1-.1.2h0s-6.9,7-6.9,7c-.2.3-.7.3-.9,0,0,0,0,0,0,0-.3-.3-.3-.7,0-.9,0,0,0,0,0,0l5.8-5.9h-14.5c-.4,0-.6-.3-.6-.7,0-.4.3-.6.6-.6h14.5l-5.8-5.9c-.2-.3-.2-.7,0-.9.3-.2.7-.2.9,0l6.9,7h0c0,0,0,.1.1.2h0s0,0,0,0h0c0,0,0,.2,0,.2h0s0,0,0,0Z\"><\/path><\/svg>\t\t\t<\/span>\n\t\t\t\t\t\t\t\t\t<span class=\"elementor-button-text\">Our Services<\/span>\n\t\t\t\t\t<\/span>\n\t\t\t\t\t<\/a>\n\t\t\t\t\t\t\t\t<\/div>\n\t\t\t\t<\/div>\n\t\t\t\t<\/div>\n\t\t\t\t<\/div>\n\t\t\t\t\t<\/div>\n\t\t\t\t<\/div>\n\t\t<div class=\"elementor-element elementor-element-56340e3 e-flex e-con-boxed e-con e-parent\" data-id=\"56340e3\" data-element_type=\"container\" data-e-type=\"container\">\n\t\t\t\t\t<div class=\"e-con-inner\">\n\t\t<div class=\"elementor-element elementor-element-958a7d2 e-con-full e-flex e-con e-child\" data-id=\"958a7d2\" data-element_type=\"container\" data-e-type=\"container\">\n\t\t\t\t<div class=\"elementor-element elementor-element-1bb86ad elementor-widget__width-initial elementor-widget elementor-widget-heading\" data-id=\"1bb86ad\" data-element_type=\"widget\" data-e-type=\"widget\" data-widget_type=\"heading.default\">\n\t\t\t\t\t<h2 class=\"elementor-heading-title elementor-size-default\">We are a family-owned company with a professional approach. We understand both materials and your requirements. <\/h2>\t\t\t\t<\/div>\n\t\t\t\t<div class=\"elementor-element elementor-element-3fea95f elementor-widget elementor-widget-text-editor\" data-id=\"3fea95f\" data-element_type=\"widget\" data-e-type=\"widget\" data-widget_type=\"text-editor.default\">\n\t\t\t\t\t\t\t\t\t<p>LLZ Servis has been operating in the field of metallurgical material sales for over 18 years. Since its establishment, we have continuously developed, expanded our product range, and modernized our services to offer customers fast, reliable, and expert solutions for both small and large projects.  <\/p><p>The oldest <strong>team members, with over 30 years of experience<\/strong>, have been in the market since 1993, but our team also includes young energy and new ideas. <\/p><p>Together, we all work to ensure that you always find quality material, prompt communication, and professional service with us. We are ready to respond to your requests from morning to evening \u2013 whether you need quick warehouse dispatch, consultation, or special material processing. <\/p>\t\t\t\t\t\t\t\t<\/div>\n\t\t<div class=\"elementor-element elementor-element-30fad64 e-con-full e-flex e-con e-child\" data-id=\"30fad64\" data-element_type=\"container\" data-e-type=\"container\">\n\t\t\t\t<div class=\"elementor-element elementor-element-24ef787 ct-button-icon elementor-tablet-align-center elementor-mobile-align-center elementor-widget elementor-widget-button\" data-id=\"24ef787\" data-element_type=\"widget\" data-e-type=\"widget\" data-widget_type=\"button.default\">\n\t\t\t\t\t\t\t\t\t\t<a class=\"elementor-button elementor-button-link elementor-size-sm\" href=\"https:\/\/www.llzservis.sk\/en\/services\/\">\n\t\t\t\t\t\t<span class=\"elementor-button-content-wrapper\">\n\t\t\t\t\t\t<span class=\"elementor-button-icon\">\n\t\t\t\t<svg xmlns=\"http:\/\/www.w3.org\/2000\/svg\" id=\"Layer_1\" viewBox=\"0 0 40 40\"><path d=\"M20,0C9,0,0,9,0,20s9,20,20,20,20-9,20-20S31,0,20,0ZM28.6,20h0c0,.1,0,.2,0,.3,0,0,0,0,0,0h0c0,0,0,.1-.1.2h0s-6.9,7-6.9,7c-.2.3-.7.3-.9,0,0,0,0,0,0,0-.3-.3-.3-.7,0-.9,0,0,0,0,0,0l5.8-5.9h-14.5c-.4,0-.6-.3-.6-.7,0-.4.3-.6.6-.6h14.5l-5.8-5.9c-.2-.3-.2-.7,0-.9.3-.2.7-.2.9,0l6.9,7h0c0,0,0,.1.1.2h0s0,0,0,0h0c0,0,0,.2,0,.2h0s0,0,0,0Z\"><\/path><\/svg>\t\t\t<\/span>\n\t\t\t\t\t\t\t\t\t<span class=\"elementor-button-text\">Our Services<\/span>\n\t\t\t\t\t<\/span>\n\t\t\t\t\t<\/a>\n\t\t\t\t\t\t\t\t<\/div>\n\t\t\t\t<div class=\"elementor-element elementor-element-37cd6c4 ct-button-icon elementor-tablet-align-center elementor-mobile-align-center elementor-widget elementor-widget-button\" data-id=\"37cd6c4\" data-element_type=\"widget\" data-e-type=\"widget\" data-widget_type=\"button.default\">\n\t\t\t\t\t\t\t\t\t\t<a class=\"elementor-button elementor-button-link elementor-size-sm\" href=\"https:\/\/www.llzservis.sk\/en\/contact\/\">\n\t\t\t\t\t\t<span class=\"elementor-button-content-wrapper\">\n\t\t\t\t\t\t<span class=\"elementor-button-icon\">\n\t\t\t\t<svg xmlns=\"http:\/\/www.w3.org\/2000\/svg\" id=\"Layer_1\" viewBox=\"0 0 40 40\"><path d=\"M20,0C9,0,0,9,0,20s9,20,20,20,20-9,20-20S31,0,20,0ZM28.6,20h0c0,.1,0,.2,0,.3,0,0,0,0,0,0h0c0,0,0,.1-.1.2h0s-6.9,7-6.9,7c-.2.3-.7.3-.9,0,0,0,0,0,0,0-.3-.3-.3-.7,0-.9,0,0,0,0,0,0l5.8-5.9h-14.5c-.4,0-.6-.3-.6-.7,0-.4.3-.6.6-.6h14.5l-5.8-5.9c-.2-.3-.2-.7,0-.9.3-.2.7-.2.9,0l6.9,7h0c0,0,0,.1.1.2h0s0,0,0,0h0c0,0,0,.2,0,.2h0s0,0,0,0Z\"><\/path><\/svg>\t\t\t<\/span>\n\t\t\t\t\t\t\t\t\t<span class=\"elementor-button-text\">Contact Us<\/span>\n\t\t\t\t\t<\/span>\n\t\t\t\t\t<\/a>\n\t\t\t\t\t\t\t\t<\/div>\n\t\t\t\t<\/div>\n\t\t\t\t<\/div>\n\t\t<div class=\"elementor-element elementor-element-f2e485c e-con-full e-flex e-con e-child\" data-id=\"f2e485c\" data-element_type=\"container\" data-e-type=\"container\">\n\t\t\t\t<div class=\"elementor-element elementor-element-8bc9409 elementor-arrows-position-inside elementor-widget elementor-widget-image-carousel\" data-id=\"8bc9409\" data-element_type=\"widget\" data-e-type=\"widget\" data-settings=\"{&quot;slides_to_show&quot;:&quot;2&quot;,&quot;slides_to_show_mobile&quot;:&quot;1&quot;,&quot;navigation&quot;:&quot;arrows&quot;,&quot;image_spacing_custom&quot;:{&quot;unit&quot;:&quot;px&quot;,&quot;size&quot;:30,&quot;sizes&quot;:[]},&quot;autoplay&quot;:&quot;yes&quot;,&quot;pause_on_hover&quot;:&quot;yes&quot;,&quot;pause_on_interaction&quot;:&quot;yes&quot;,&quot;autoplay_speed&quot;:5000,&quot;infinite&quot;:&quot;yes&quot;,&quot;speed&quot;:500,&quot;image_spacing_custom_tablet&quot;:{&quot;unit&quot;:&quot;px&quot;,&quot;size&quot;:&quot;&quot;,&quot;sizes&quot;:[]}}\" data-widget_type=\"image-carousel.default\">\n\t\t\t\t\t\t\t<div class=\"elementor-image-carousel-wrapper swiper\" role=\"region\" aria-roledescription=\"carousel\" aria-label=\"Obr\u00e1zkov\u00fd kot\u00fa\u010d\" dir=\"ltr\">\n\t\t\t<div class=\"elementor-image-carousel swiper-wrapper\" aria-live=\"off\">\n\t\t\t\t\t\t\t\t<div class=\"swiper-slide\" role=\"group\" aria-roledescription=\"slide\" aria-label=\"1 of 4\"><a data-elementor-open-lightbox=\"yes\" data-elementor-lightbox-slideshow=\"8bc9409\" data-elementor-lightbox-title=\"metallurgical-material-04\" data-e-action-hash=\"#elementor-action%3Aaction%3Dlightbox%26settings%3DeyJpZCI6NDYwNCwidXJsIjoiaHR0cHM6XC9cL3d3dy5sbHpzZXJ2aXMuc2tcL3dwLWNvbnRlbnRcL3VwbG9hZHNcLzIwMjVcLzExXC9odXRuaWNreS1tYXRlcmlhbC0wNC53ZWJwIiwic2xpZGVzaG93IjoiOGJjOTQwOSJ9\" href=\"https:\/\/www.llzservis.sk\/wp-content\/uploads\/2025\/11\/hutnicky-material-04.webp\"><figure class=\"swiper-slide-inner\"><img decoding=\"async\" class=\"swiper-slide-image\" src=\"https:\/\/www.llzservis.sk\/wp-content\/uploads\/2025\/11\/hutnicky-material-04.webp\" alt=\"metallurgical-material-04\" \/><\/figure><\/a><\/div><div class=\"swiper-slide\" role=\"group\" aria-roledescription=\"slide\" aria-label=\"2 of 4\"><a data-elementor-open-lightbox=\"yes\" data-elementor-lightbox-slideshow=\"8bc9409\" data-elementor-lightbox-title=\"metallurgical-material-03\" data-e-action-hash=\"#elementor-action%3Aaction%3Dlightbox%26settings%3DeyJpZCI6NDYwNSwidXJsIjoiaHR0cHM6XC9cL3d3dy5sbHpzZXJ2aXMuc2tcL3dwLWNvbnRlbnRcL3VwbG9hZHNcLzIwMjVcLzExXC9odXRuaWNreS1tYXRlcmlhbC0wMy53ZWJwIiwic2xpZGVzaG93IjoiOGJjOTQwOSJ9\" href=\"https:\/\/www.llzservis.sk\/wp-content\/uploads\/2025\/11\/hutnicky-material-03.webp\"><figure class=\"swiper-slide-inner\"><img decoding=\"async\" class=\"swiper-slide-image\" src=\"https:\/\/www.llzservis.sk\/wp-content\/uploads\/2025\/11\/hutnicky-material-03.webp\" alt=\"metallurgical-material-03\" \/><\/figure><\/a><\/div><div class=\"swiper-slide\" role=\"group\" aria-roledescription=\"slide\" aria-label=\"3 of 4\"><a data-elementor-open-lightbox=\"yes\" data-elementor-lightbox-slideshow=\"8bc9409\" data-elementor-lightbox-title=\"metallurgical-material-01\" data-e-action-hash=\"#elementor-action%3Aaction%3Dlightbox%26settings%3DeyJpZCI6NDYwNiwidXJsIjoiaHR0cHM6XC9cL3d3dy5sbHpzZXJ2aXMuc2tcL3dwLWNvbnRlbnRcL3VwbG9hZHNcLzIwMjVcLzExXC9odXRuaWNreS1tYXRlcmlhbC0wMS53ZWJwIiwic2xpZGVzaG93IjoiOGJjOTQwOSJ9\" href=\"https:\/\/www.llzservis.sk\/wp-content\/uploads\/2025\/11\/hutnicky-material-01.webp\"><figure class=\"swiper-slide-inner\"><img decoding=\"async\" class=\"swiper-slide-image\" src=\"https:\/\/www.llzservis.sk\/wp-content\/uploads\/2025\/11\/hutnicky-material-01.webp\" alt=\"metallurgical-material-01\" \/><\/figure><\/a><\/div><div class=\"swiper-slide\" role=\"group\" aria-roledescription=\"slide\" aria-label=\"4 of 4\"><a data-elementor-open-lightbox=\"yes\" data-elementor-lightbox-slideshow=\"8bc9409\" data-elementor-lightbox-title=\"metallurgical-material-02\" data-e-action-hash=\"#elementor-action%3Aaction%3Dlightbox%26settings%3DeyJpZCI6NDYwNywidXJsIjoiaHR0cHM6XC9cL3d3dy5sbHpzZXJ2aXMuc2tcL3dwLWNvbnRlbnRcL3VwbG9hZHNcLzIwMjVcLzExXC9odXRuaWNreS1tYXRlcmlhbC0wMi53ZWJwIiwic2xpZGVzaG93IjoiOGJjOTQwOSJ9\" href=\"https:\/\/www.llzservis.sk\/wp-content\/uploads\/2025\/11\/hutnicky-material-02.webp\"><figure class=\"swiper-slide-inner\"><img decoding=\"async\" class=\"swiper-slide-image\" src=\"https:\/\/www.llzservis.sk\/wp-content\/uploads\/2025\/11\/hutnicky-material-02.webp\" alt=\"metallurgical-material-02\" \/><\/figure><\/a><\/div>\t\t\t<\/div>\n\t\t\t\t\t\t\t\t\t\t\t\t<div class=\"elementor-swiper-button elementor-swiper-button-prev\" role=\"button\" tabindex=\"0\">\n\t\t\t\t\t\t<svg aria-hidden=\"true\" class=\"e-font-icon-svg e-eicon-chevron-left\" viewBox=\"0 0 1000 1000\" xmlns=\"http:\/\/www.w3.org\/2000\/svg\"><path d=\"M646 125C629 125 613 133 604 142L308 442C296 454 292 471 292 487 292 504 296 521 308 533L604 854C617 867 629 875 646 875 663 875 679 871 692 858 704 846 713 829 713 812 713 796 708 779 692 767L438 487 692 225C700 217 708 204 708 187 708 171 704 154 692 142 675 129 663 125 646 125Z\"><\/path><\/svg>\t\t\t\t\t<\/div>\n\t\t\t\t\t<div class=\"elementor-swiper-button elementor-swiper-button-next\" role=\"button\" tabindex=\"0\">\n\t\t\t\t\t\t<svg aria-hidden=\"true\" class=\"e-font-icon-svg e-eicon-chevron-right\" viewBox=\"0 0 1000 1000\" xmlns=\"http:\/\/www.w3.org\/2000\/svg\"><path d=\"M696 533C708 521 713 504 713 487 713 471 708 454 696 446L400 146C388 133 375 125 354 125 338 125 325 129 313 142 300 154 292 171 292 187 292 204 296 221 308 233L563 492 304 771C292 783 288 800 288 817 288 833 296 850 308 863 321 871 338 875 354 875 371 875 388 867 400 854L696 533Z\"><\/path><\/svg>\t\t\t\t\t<\/div>\n\t\t\t\t\n\t\t\t\t\t\t\t\t\t<\/div>\n\t\t\t\t\t\t<\/div>\n\t\t\t\t<\/div>\n\t\t\t\t\t<\/div>\n\t\t\t\t<\/div>\n\t\t<div class=\"elementor-element elementor-element-36a973a e-flex e-con-boxed e-con e-parent\" data-id=\"36a973a\" data-element_type=\"container\" data-e-type=\"container\" data-settings=\"{&quot;background_background&quot;:&quot;classic&quot;}\">\n\t\t\t\t\t<div class=\"e-con-inner\">\n\t\t<div class=\"elementor-element elementor-element-0bfad3e e-con-full e-flex e-con e-child\" data-id=\"0bfad3e\" data-element_type=\"container\" data-e-type=\"container\" data-settings=\"{&quot;background_background&quot;:&quot;classic&quot;}\">\n\t\t<div class=\"elementor-element elementor-element-109509f e-con-full e-flex e-con e-child\" data-id=\"109509f\" data-element_type=\"container\" data-e-type=\"container\">\n\t\t\t\t<div class=\"elementor-element elementor-element-ad8d2cc elementor-widget elementor-widget-heading\" data-id=\"ad8d2cc\" data-element_type=\"widget\" data-e-type=\"widget\" data-widget_type=\"heading.default\">\n\t\t\t\t\t<h3 class=\"elementor-heading-title elementor-size-default\">Wide Range, Reliable Delivery, Fair Approach<\/h3>\t\t\t\t<\/div>\n\t\t\t\t<div class=\"elementor-element elementor-element-6f32506 elementor-view-default elementor-widget elementor-widget-icon\" data-id=\"6f32506\" data-element_type=\"widget\" data-e-type=\"widget\" data-widget_type=\"icon.default\">\n\t\t\t\t\t\t\t<div class=\"elementor-icon-wrapper\">\n\t\t\t<a class=\"elementor-icon\" href=\"https:\/\/www.llzservis.sk\/en\/materials\/\">\n\t\t\t<svg xmlns=\"http:\/\/www.w3.org\/2000\/svg\" id=\"Layer_1\" viewBox=\"0 0 40 40\"><path d=\"M20,0C9,0,0,9,0,20s9,20,20,20,20-9,20-20S31,0,20,0ZM28.6,20h0c0,.1,0,.2,0,.3,0,0,0,0,0,0h0c0,0,0,.1-.1.2h0s-6.9,7-6.9,7c-.2.3-.7.3-.9,0,0,0,0,0,0,0-.3-.3-.3-.7,0-.9,0,0,0,0,0,0l5.8-5.9h-14.5c-.4,0-.6-.3-.6-.7,0-.4.3-.6.6-.6h14.5l-5.8-5.9c-.2-.3-.2-.7,0-.9.3-.2.7-.2.9,0l6.9,7h0c0,0,0,.1.1.2h0s0,0,0,0h0c0,0,0,.2,0,.2h0s0,0,0,0Z\"><\/path><\/svg>\t\t\t<\/a>\n\t\t<\/div>\n\t\t\t\t\t\t<\/div>\n\t\t\t\t<\/div>\n\t\t\t\t<div class=\"elementor-element elementor-element-631a029 elementor-widget elementor-widget-text-editor\" data-id=\"631a029\" data-element_type=\"widget\" data-e-type=\"widget\" data-widget_type=\"text-editor.default\">\n\t\t\t\t\t\t\t\t\t<p>In our warehouse in Bratislava, <strong>we stock a wide range of quality materials<\/strong>, which we will deliver to you quickly, wherever you are in Slovakia.<\/p>\n<p>Stainless steel, aluminum, steel, galvanized, CORTEN &#8211; <strong>we offer short delivery times<\/strong> and immediate availability. <span style=\"font-family: inherit; font-size: inherit; font-style: inherit; font-variant-ligatures: inherit; font-variant-caps: inherit; font-weight: inherit;\">Thanks to proven logistics partners, we deliver across Slovakia quickly and without complications. Up to <\/span><strong style=\"font-family: inherit; font-size: inherit; font-style: inherit; font-variant-ligatures: inherit; font-variant-caps: inherit;\">60% of our product range originates from European Union countries<\/strong><span style=\"font-family: inherit; font-size: inherit; font-style: inherit; font-variant-ligatures: inherit; font-variant-caps: inherit; font-weight: inherit;\">. We handle materials transparently \u2013 we will always inform you in advance if a product is not of European origin. We prioritize quality, precise parameters, and proper packaging to ensure products arrive in perfect condition. <\/span><\/p>\t\t\t\t\t\t\t\t<\/div>\n\t\t\t\t<\/div>\n\t\t<div class=\"elementor-element elementor-element-668c135 e-con-full e-flex e-con e-child\" data-id=\"668c135\" data-element_type=\"container\" data-e-type=\"container\">\n\t\t\t\t<\/div>\n\t\t\t\t\t<\/div>\n\t\t\t\t<\/div>\n\t\t<div class=\"elementor-element elementor-element-fbd9ca9 e-flex e-con-boxed e-con e-parent\" data-id=\"fbd9ca9\" data-element_type=\"container\" data-e-type=\"container\">\n\t\t\t\t\t<div class=\"e-con-inner\">\n\t\t\t\t<div class=\"elementor-element elementor-element-eb231a2 elementor-widget elementor-widget-heading\" data-id=\"eb231a2\" data-element_type=\"widget\" data-e-type=\"widget\" data-widget_type=\"heading.default\">\n\t\t\t\t\t<h2 class=\"elementor-heading-title elementor-size-default\">Our Vision<\/h2>\t\t\t\t<\/div>\n\t\t\t\t<div class=\"elementor-element elementor-element-45c208a elementor-widget elementor-widget-heading\" data-id=\"45c208a\" data-element_type=\"widget\" data-e-type=\"widget\" data-widget_type=\"heading.default\">\n\t\t\t\t\t<h3 class=\"elementor-heading-title elementor-size-default\">LLZ Servis \u2013 a partner that firmly supports your projects with materials.<\/h3>\t\t\t\t<\/div>\n\t\t<div class=\"elementor-element elementor-element-f64945c e-con-full e-flex e-con e-child\" data-id=\"f64945c\" data-element_type=\"container\" data-e-type=\"container\">\n\t\t\t\t<div class=\"elementor-element elementor-element-fa06c7c elementor-widget elementor-widget-text-editor\" data-id=\"fa06c7c\" data-element_type=\"widget\" data-e-type=\"widget\" data-widget_type=\"text-editor.default\">\n\t\t\t\t\t\t\t\t\t<p>Our goal is to be a <strong>long-term reliable partner<\/strong> for our customers, not just a supplier. We are precise, ethical, and always ready to help. We believe that honest work, quick responses, expert experience, and a human approach are the foundation of successful cooperation.  <\/p>\t\t\t\t\t\t\t\t<\/div>\n\t\t\t\t<\/div>\n\t\t\t\t\t<\/div>\n\t\t\t\t<\/div>\n\t\t\t\t<\/div>\n\t\t","protected":false},"excerpt":{"rendered":"<p>Experience You Can Build On For over 18 years, we have been supplying the Slovak market with high-quality stainless steel, aluminum, steel, galvanized, and Corten materials. With fast delivery, expert consultation, and a personalized approach, we assist both companies and individuals in realizing their projects accurately and without concerns. Materials Offered Our Services We are [&hellip;]<\/p>\n","protected":false},"author":1,"featured_media":4567,"parent":0,"menu_order":0,"comment_status":"closed","ping_status":"closed","template":"","meta":{"inline_featured_image":false,"footnotes":""},"class_list":["post-4603","page","type-page","status-publish","has-post-thumbnail","hentry"],"blocksy_meta":{"has_hero_section":"disabled","vertical_spacing_source":"custom","content_area_spacing":"none","styles_descriptor":{"styles":{"desktop":"","tablet":"","mobile":""},"google_fonts":[],"version":6}},"_links":{"self":[{"href":"https:\/\/www.llzservis.sk\/en\/wp-json\/wp\/v2\/pages\/4603","targetHints":{"allow":["GET"]}}],"collection":[{"href":"https:\/\/www.llzservis.sk\/en\/wp-json\/wp\/v2\/pages"}],"about":[{"href":"https:\/\/www.llzservis.sk\/en\/wp-json\/wp\/v2\/types\/page"}],"author":[{"embeddable":true,"href":"https:\/\/www.llzservis.sk\/en\/wp-json\/wp\/v2\/users\/1"}],"replies":[{"embeddable":true,"href":"https:\/\/www.llzservis.sk\/en\/wp-json\/wp\/v2\/comments?post=4603"}],"version-history":[{"count":1,"href":"https:\/\/www.llzservis.sk\/en\/wp-json\/wp\/v2\/pages\/4603\/revisions"}],"predecessor-version":[{"id":4611,"href":"https:\/\/www.llzservis.sk\/en\/wp-json\/wp\/v2\/pages\/4603\/revisions\/4611"}],"wp:featuredmedia":[{"embeddable":true,"href":"https:\/\/www.llzservis.sk\/en\/wp-json\/wp\/v2\/media\/4567"}],"wp:attachment":[{"href":"https:\/\/www.llzservis.sk\/en\/wp-json\/wp\/v2\/media?parent=4603"}],"curies":[{"name":"wp","href":"https:\/\/api.w.org\/{rel}","templated":true}]}}